{"id":14263,"date":"2025-05-09T14:28:57","date_gmt":"2025-05-09T17:58:57","guid":{"rendered":"https:\/\/b-ludenim-jeans.com\/?post_type=product&#038;p=14263"},"modified":"2026-05-07T14:41:41","modified_gmt":"2026-05-07T18:11:41","slug":"wide-leg-nevado-rigido-tiro-bajo-cintura-deshilachada","status":"publish","type":"product","link":"https:\/\/b-ludenim-jeans.com\/?product=wide-leg-nevado-rigido-tiro-bajo-cintura-deshilachada","title":{"rendered":"Wide leg nevado r\u00edgido tiro Bajo con cord\u00f3n cintura deshilachada"},"content":{"rendered":"","protected":false},"excerpt":{"rendered":"<p>Wide leg nevado r\u00edgido tiro Bajo cintura deshilachada<\/p>\n","protected":false},"featured_media":14336,"comment_status":"open","ping_status":"closed","template":"","meta":{"_joinchat":[]},"product_brand":[],"product_cat":[74,234,222,135,233],"product_tag":[],"class_list":{"0":"post-14263","1":"product","2":"type-product","3":"status-publish","4":"has-post-thumbnail","6":"product_cat-jeans","7":"product_cat-jeans-tiro-bajo","8":"product_cat-tiro-bajo","9":"product_cat-wide-leg","10":"product_cat-wide-leg-tiro-bajo","12":"first","13":"instock","14":"shipping-taxable","15":"purchasable","16":"product-type-variable"},"_links":{"self":[{"href":"https:\/\/b-ludenim-jeans.com\/index.php?rest_route=\/wp\/v2\/product\/14263","targetHints":{"allow":["GET"]}}],"collection":[{"href":"https:\/\/b-ludenim-jeans.com\/index.php?rest_route=\/wp\/v2\/product"}],"about":[{"href":"https:\/\/b-ludenim-jeans.com\/index.php?rest_route=\/wp\/v2\/types\/product"}],"replies":[{"embeddable":true,"href":"https:\/\/b-ludenim-jeans.com\/index.php?rest_route=%2Fwp%2Fv2%2Fcomments&post=14263"}],"wp:featuredmedia":[{"embeddable":true,"href":"https:\/\/b-ludenim-jeans.com\/index.php?rest_route=\/wp\/v2\/media\/14336"}],"wp:attachment":[{"href":"https:\/\/b-ludenim-jeans.com\/index.php?rest_route=%2Fwp%2Fv2%2Fmedia&parent=14263"}],"wp:term":[{"taxonomy":"product_brand","embeddable":true,"href":"https:\/\/b-ludenim-jeans.com\/index.php?rest_route=%2Fwp%2Fv2%2Fproduct_brand&post=14263"},{"taxonomy":"product_cat","embeddable":true,"href":"https:\/\/b-ludenim-jeans.com\/index.php?rest_route=%2Fwp%2Fv2%2Fproduct_cat&post=14263"},{"taxonomy":"product_tag","embeddable":true,"href":"https:\/\/b-ludenim-jeans.com\/index.php?rest_route=%2Fwp%2Fv2%2Fproduct_tag&post=14263"}],"curies":[{"name":"wp","href":"https:\/\/api.w.org\/{rel}","templated":true}]}}