{"id":4073,"date":"2022-09-22T02:48:38","date_gmt":"2022-09-22T02:48:38","guid":{"rendered":"https:\/\/b-ludenim.com\/?page_id=4073"},"modified":"2022-09-22T02:48:38","modified_gmt":"2022-09-22T02:48:38","slug":"como-comprar","status":"publish","type":"page","link":"https:\/\/b-ludenim-jeans.com\/?page_id=4073","title":{"rendered":"\u00bfC\u00f3mo comprar?"},"content":{"rendered":"<div class=\"wpb-content-wrapper\"><p>[vc_row][vc_column][vc_tta_accordion][vc_tta_section title=\u00bb1. \u2013 Seleccion\u00e1 los productos que quer\u00e9s comprar\u00bb tab_id=\u00bb1663814314198-977e1f05-4a1e\u00bb][vc_column_text]<span class=\"link-column__description-text\">Explor\u00e1 las distintas categor\u00edas, eleg\u00ed el modelo, talle y cantidad de unidades que deseas y agregalas al carrito haciendo click en el bot\u00f3n \u201cComprar\u201d.<\/span>[\/vc_column_text][\/vc_tta_section][vc_tta_section title=\u00bb2. \u2013 Revis\u00e1 tu carrito de compra\u00bb tab_id=\u00bb1663814314199-0206d692-7f16\u2033][vc_column_text]Una vez tengas tu carrito de compra listo, haz click en <strong>\u00abFINALIZAR COMPRA\u00bb<\/strong>[\/vc_column_text][\/vc_tta_section][vc_tta_section title=\u00bb3. \u2013 Rellena todos los datos para tu facturaci\u00f3n y env\u00edo.\u00bb tab_id=\u00bb1663814566157-f1707656-c36f\u00bb][vc_column_text]Rellena todos los campos solicitados con tu informaci\u00f3n personal para que podamos procesar tu pedido y hacer el env\u00edo \u00f3 coordinar la entrega en nuestro local.[\/vc_column_text][\/vc_tta_section][vc_tta_section title=\u00bb4. \u2013 Eleg\u00ed el m\u00e9todo de env\u00edo y forma de pago.\u00bb tab_id=\u00bb1663814643046-9ede5f8f-7924\u2033][vc_column_text]Selecciona el m\u00e9todo de env\u00edo \u00f3 si retiras en el local, luego selecciona la forma de pago preferida.[\/vc_column_text][\/vc_tta_section][vc_tta_section title=\u00bb5. \u2013 Compra finalizada.\u00bb tab_id=\u00bb1663814794287-75266707-130f\u00bb][vc_column_text]\u00a1Genial!, finalizaste tu compra.<\/p>\n<p>Te vamos a contactar, nos env\u00edas tu comprobante de pago y listo.<\/p>\n<p>Coordinamos tu entrega o env\u00edo.[\/vc_column_text][\/vc_tta_section][\/vc_tta_accordion][\/vc_column][\/vc_row]<\/p>\n<\/div>","protected":false},"excerpt":{"rendered":"<p>[vc_row][vc_column][vc_tta_accordion][vc_tta_section title=\u00bb1. \u2013 Seleccion\u00e1 los productos que quer\u00e9s comprar\u00bb tab_id=\u00bb1663814314198-977e1f05-4a1e\u00bb][vc_column_text]Explor\u00e1 las distintas categor\u00edas, eleg\u00ed el modelo, talle y cantidad de unidades que deseas y agregalas al carrito haciendo click en el bot\u00f3n \u201cComprar\u201d.[\/vc_column_text][\/vc_tta_section][vc_tta_section title=\u00bb2. \u2013 Revis\u00e1 tu carrito de compra\u00bb tab_id=\u00bb1663814314199-0206d692-7f16\u2033][vc_column_text]Una vez tengas tu carrito de compra listo, haz click en \u00abFINALIZAR COMPRA\u00bb[\/vc_column_text][\/vc_tta_section][vc_tta_section title=\u00bb3. \u2013 [&hellip;]<\/p>\n","protected":false},"author":1,"featured_media":0,"parent":0,"menu_order":0,"comment_status":"closed","ping_status":"closed","template":"","meta":{"_joinchat":[],"footnotes":""},"class_list":["post-4073","page","type-page","status-publish","hentry"],"_links":{"self":[{"href":"https:\/\/b-ludenim-jeans.com\/index.php?rest_route=\/wp\/v2\/pages\/4073","targetHints":{"allow":["GET"]}}],"collection":[{"href":"https:\/\/b-ludenim-jeans.com\/index.php?rest_route=\/wp\/v2\/pages"}],"about":[{"href":"https:\/\/b-ludenim-jeans.com\/index.php?rest_route=\/wp\/v2\/types\/page"}],"author":[{"embeddable":true,"href":"https:\/\/b-ludenim-jeans.com\/index.php?rest_route=\/wp\/v2\/users\/1"}],"replies":[{"embeddable":true,"href":"https:\/\/b-ludenim-jeans.com\/index.php?rest_route=%2Fwp%2Fv2%2Fcomments&post=4073"}],"version-history":[{"count":0,"href":"https:\/\/b-ludenim-jeans.com\/index.php?rest_route=\/wp\/v2\/pages\/4073\/revisions"}],"wp:attachment":[{"href":"https:\/\/b-ludenim-jeans.com\/index.php?rest_route=%2Fwp%2Fv2%2Fmedia&parent=4073"}],"curies":[{"name":"wp","href":"https:\/\/api.w.org\/{rel}","templated":true}]}}